{"id":776,"date":"2022-10-27T22:21:18","date_gmt":"2022-10-27T22:21:18","guid":{"rendered":"https:\/\/sites.generatepress.com\/info\/?page_id=154"},"modified":"2026-01-09T12:16:59","modified_gmt":"2026-01-09T12:16:59","slug":"home","status":"publish","type":"page","link":"https:\/\/www.takeachef.com\/blog","title":{"rendered":"Blog Home Take a Chef"},"content":{"rendered":"\n<div class=\"gbp-section gb-element-8bf2b437 home-hero-header\">\n<div>\n<p class=\"has-small-font-size\"><em>El Blog de Take a Chef<\/em><\/p>\n\n\n\n<h1 class=\"wp-block-heading has-tac-dark-grey-main-color has-text-color has-link-color wp-elements-4dcd4fdeb217c7307ed99981f83f3d19\">Eleva Tu Experiencia Culinaria<\/h1>\n\n\n\n<p>Descubre recetas exclusivas, ideas para eventos, consejos de chefs profesionales y las \u00faltimas tendencias gastron\u00f3micas.<\/p>\n<\/div>\n<\/div>\n\n\n\n<hr class=\"wp-block-separator has-text-color has-light-grey-variant-color has-alpha-channel-opacity has-light-grey-variant-background-color has-background is-style-default\"\/>\n\n\n\n<div class=\"gbp-section gb-element-f4356c1e\">\n<div class=\"gbp-section__inner gb-element-e36d0164\">\n<div><div class=\"gb-looper-59ecc67e\">\n<div class=\"gb-loop-item gb-loop-item-a74218ea post-19915 post type-post status-publish format-standard has-post-thumbnail hentry category-events-and-ideas\" id=\"header-home-link\">\n<div class=\"gb-element-ad657a28\">\n<p class=\"gb-text gbp-card__meta-text\"><span>Eventos e Ideas<\/span><\/p>\n\n\n\n<div id=\"ez-toc-container\" class=\"ez-toc-v2_0_82_2 counter-hierarchy ez-toc-counter ez-toc-white ez-toc-container-direction\">\n<p class=\"ez-toc-title\" style=\"cursor:inherit\">\u00cdndice<\/p>\n<label for=\"ez-toc-cssicon-toggle-item-69e7727d54322\" class=\"ez-toc-cssicon-toggle-label\"><span class=\"ez-toc-cssicon\"><span class=\"eztoc-hide\" style=\"display:none;\">Toggle<\/span><span class=\"ez-toc-icon-toggle-span\"><svg style=\"fill: #182427;color:#182427\" xmlns=\"http:\/\/www.w3.org\/2000\/svg\" class=\"list-377408\" width=\"20px\" height=\"20px\" viewBox=\"0 0 24 24\" fill=\"none\"><path d=\"M6 6H4v2h2V6zm14 0H8v2h12V6zM4 11h2v2H4v-2zm16 0H8v2h12v-2zM4 16h2v2H4v-2zm16 0H8v2h12v-2z\" fill=\"currentColor\"><\/path><\/svg><svg style=\"fill: #182427;color:#182427\" class=\"arrow-unsorted-368013\" xmlns=\"http:\/\/www.w3.org\/2000\/svg\" width=\"10px\" height=\"10px\" viewBox=\"0 0 24 24\" version=\"1.2\" baseProfile=\"tiny\"><path d=\"M18.2 9.3l-6.2-6.3-6.2 6.3c-.2.2-.3.4-.3.7s.1.5.3.7c.2.2.4.3.7.3h11c.3 0 .5-.1.7-.3.2-.2.3-.5.3-.7s-.1-.5-.3-.7zM5.8 14.7l6.2 6.3 6.2-6.3c.2-.2.3-.5.3-.7s-.1-.5-.3-.7c-.2-.2-.4-.3-.7-.3h-11c-.3 0-.5.1-.7.3-.2.2-.3.5-.3.7s.1.5.3.7z\"\/><\/svg><\/span><\/span><\/label><input type=\"checkbox\"  id=\"ez-toc-cssicon-toggle-item-69e7727d54322\" checked aria-label=\"Alternar\" \/><nav><ul class='ez-toc-list ez-toc-list-level-1 ' ><li class='ez-toc-page-1 ez-toc-heading-level-2'><a class=\"ez-toc-link ez-toc-heading-1\" href=\"https:\/\/www.takeachef.com\/blog\/#que_preparar_para_celebrar_la_castanada_en_casa_tradicion_sabores_y_creatividad_en_tu_mesa\" >Qu\u00e9 preparar para celebrar la Casta\u00f1ada en casa: tradici\u00f3n, sabores y creatividad en tu mesa<\/a><\/li><li class='ez-toc-page-1 ez-toc-heading-level-2'><a class=\"ez-toc-link ez-toc-heading-2\" href=\"https:\/\/www.takeachef.com\/blog\/#los_ultimos_articulos\" >Los \u00faltimos art\u00edculos<\/a><\/li><li class='ez-toc-page-1 ez-toc-heading-level-2'><a class=\"ez-toc-link ez-toc-heading-3\" href=\"https:\/\/www.takeachef.com\/blog\/#top_locales_para_probar_el_mejor_arancini_de_palermo\" >Top locales para probar el mejor arancini de Palermo\u00a0<\/a><\/li><li class='ez-toc-page-1 ez-toc-heading-level-2'><a class=\"ez-toc-link ez-toc-heading-4\" href=\"https:\/\/www.takeachef.com\/blog\/#historia_del_cocido_maragato_ingredientes_tradicion_y_donde_comerlo_en_astorga\" >Historia del cocido maragato: ingredientes, tradici\u00f3n y d\u00f3nde comerlo en Astorga<\/a><\/li><li class='ez-toc-page-1 ez-toc-heading-level-2'><a class=\"ez-toc-link ez-toc-heading-5\" href=\"https:\/\/www.takeachef.com\/blog\/#oporto_a_bocados_ruta_dulce_para_probar_los_mejores_pasteles_de_nata\" >Oporto a bocados: ruta dulce para probar los mejores pasteles de nata<\/a><\/li><li class='ez-toc-page-1 ez-toc-heading-level-2'><a class=\"ez-toc-link ez-toc-heading-6\" href=\"https:\/\/www.takeachef.com\/blog\/#%c2%bfcual_es_la_mejor_ensaimada_mallorquina\" >\u00bfCu\u00e1l es la mejor ensaimada mallorquina?\u00a0<\/a><\/li><li class='ez-toc-page-1 ez-toc-heading-level-2'><a class=\"ez-toc-link ez-toc-heading-7\" href=\"https:\/\/www.takeachef.com\/blog\/#aprende_como_hacer_empanada_gallega_en_casa_paso_a_paso\" >Aprende c\u00f3mo hacer empanada gallega en casa paso a paso<\/a><\/li><li class='ez-toc-page-1 ez-toc-heading-level-2'><a class=\"ez-toc-link ez-toc-heading-8\" href=\"https:\/\/www.takeachef.com\/blog\/#3_ideas_de_comida_para_un_baby_shower_y_el_truco_para_organizarla_sin_estresarte\" >3 ideas de comida para un baby shower y el truco para organizarla sin estresarte<\/a><\/li><li class='ez-toc-page-1 ez-toc-heading-level-2'><a class=\"ez-toc-link ez-toc-heading-9\" href=\"https:\/\/www.takeachef.com\/blog\/#la_mejor_sopa_castellana_de_madrid_una_ruta_llena_de_tradicion_sabor_y_buena_%e2%80%9ccuchara%e2%80%9d\" >La mejor sopa castellana de Madrid: una ruta llena de tradici\u00f3n, sabor y buena \u201ccuchara\u201d<\/a><\/li><li class='ez-toc-page-1 ez-toc-heading-level-2'><a class=\"ez-toc-link ez-toc-heading-10\" href=\"https:\/\/www.takeachef.com\/blog\/#como_hacer_un_arroz_meloso_en_casa_receta_paso_a_paso\" >C\u00f3mo hacer un arroz meloso en casa. Receta paso a paso<\/a><\/li><\/ul><\/nav><\/div>\n<h2 class=\"gb-text gb-text-ad461f43\" id=\"home-header-link\"><span class=\"ez-toc-section\" id=\"que_preparar_para_celebrar_la_castanada_en_casa_tradicion_sabores_y_creatividad_en_tu_mesa\"><\/span><a href=\"https:\/\/www.takeachef.com\/blog\/celebrar-castanada-casa\">Qu\u00e9 preparar para celebrar la Casta\u00f1ada en casa: tradici\u00f3n, sabores y creatividad en tu mesa<\/a><span class=\"ez-toc-section-end\"><\/span><\/h2>\n\n\n\n<p class=\"gb-text gb-text-c5c9c4a3\">Cada estaci\u00f3n tiene aromas, colores y sabores diferentes. Y el oto\u00f1o, con su aire fresco y las hojas crujiendo bajo los pies, nos invita a conectar con la cocina de &#8230; <a title=\"Qu\u00e9 preparar para celebrar la Casta\u00f1ada en casa: tradici\u00f3n, sabores y creatividad en tu mesa\" class=\"read-more\" href=\"https:\/\/www.takeachef.com\/blog\/celebrar-castanada-casa\" aria-label=\"Leer m\u00e1s sobre Qu\u00e9 preparar para celebrar la Casta\u00f1ada en casa: tradici\u00f3n, sabores y creatividad en tu mesa\">Leer m\u00e1s<\/a><\/p>\n\n\n\n<div class=\"gb-element-6965bd63\">\n<div class=\"gb-element-758d1a14\">\n<div class=\"gb-text gbp-card__meta-text gb-text-f6d6cd86\">abril 14, 2026<\/div>\n\n\n\n<div class=\"gb-text gbp-card__meta-text gb-text-27a1fb59\">Take a Chef Team<\/div>\n<\/div>\n<\/div>\n<\/div>\n\n\n\n<a href=\"https:\/\/www.takeachef.com\/blog\/celebrar-castanada-casa\"><img loading=\"lazy\" decoding=\"async\" width=\"768\" height=\"512\" alt=\"\u00bfQu\u00e9 preparar para celebrar la Casta\u00f1ada en casa?\" data-media-id=\"19919\" class=\"gb-media-1b569efc\" src=\"https:\/\/www.takeachef.com\/blog\/wp-content\/uploads\/Hacer-castanada-en-casa-768x512.jpg\" srcset=\"https:\/\/www.takeachef.com\/blog\/wp-content\/uploads\/Hacer-castanada-en-casa-768x512.jpg 768w, https:\/\/www.takeachef.com\/blog\/wp-content\/uploads\/Hacer-castanada-en-casa-300x200.jpg 300w, https:\/\/www.takeachef.com\/blog\/wp-content\/uploads\/Hacer-castanada-en-casa.jpg 800w\" sizes=\"auto, (max-width: 768px) 100vw, 768px\" title=\"\"><\/a>\n<\/div>\n<\/div><\/div>\n<\/div>\n<\/div>\n\n\n\n<div class=\"gbp-section gb-element-be9cd351\">\n<div class=\"gbp-section__inner\">\n<div class=\"gb-element-9668214d\">\n<h2 class=\"gb-text gbp-section__headline gb-text-ed6ce556\"><span class=\"ez-toc-section\" id=\"los_ultimos_articulos\"><\/span>Los \u00faltimos art\u00edculos<span class=\"ez-toc-section-end\"><\/span><\/h2>\n\n\n\n<p class=\"gb-text gbp-section__text\"><\/p>\n<\/div>\n<\/div>\n\n\n\n<div class=\"gbp-section__inner gb-element-42fa4038\">\n<div><div class=\"gb-looper-da93a212\">\n<div class=\"gb-loop-item gb-loop-item-279122fc post-19907 post type-post status-publish format-standard has-post-thumbnail hentry category-local-cuisine\">\n<a href=\"https:\/\/www.takeachef.com\/blog\/mejor-arancini-palermo\"><img loading=\"lazy\" decoding=\"async\" width=\"768\" height=\"512\" alt=\"El mejor arancini de Palermo\" data-media-id=\"19909\" class=\"gb-media-8bdf5f73\" src=\"https:\/\/www.takeachef.com\/blog\/wp-content\/uploads\/mejor-arancini-de-palermo-768x512.jpg\" srcset=\"https:\/\/www.takeachef.com\/blog\/wp-content\/uploads\/mejor-arancini-de-palermo-768x512.jpg 768w, https:\/\/www.takeachef.com\/blog\/wp-content\/uploads\/mejor-arancini-de-palermo-300x200.jpg 300w, https:\/\/www.takeachef.com\/blog\/wp-content\/uploads\/mejor-arancini-de-palermo.jpg 800w\" sizes=\"auto, (max-width: 768px) 100vw, 768px\" title=\"\"><\/a>\n\n\n\n<p class=\"gb-text gbp-card__meta-text\"><span>Cocina Local<\/span><\/p>\n\n\n\n<h2 class=\"gb-text gbp-card__title gb-text-a7ba0ad4\" id=\"home-links-articles\"><span class=\"ez-toc-section\" id=\"top_locales_para_probar_el_mejor_arancini_de_palermo\"><\/span><a href=\"https:\/\/www.takeachef.com\/blog\/mejor-arancini-palermo\">Top locales para probar el mejor arancini de Palermo\u00a0<\/a><span class=\"ez-toc-section-end\"><\/span><\/h2>\n\n\n\n<div class=\"gb-element-6d2eaacb\">\n<div class=\"gb-element-a7a92bec\">\n<div class=\"gb-text gbp-card__meta-text gb-text-c60bc138\">abril 14, 2026<\/div>\n\n\n\n<div class=\"gb-text gbp-card__meta-text gb-text-1bb7fffc\">Take a Chef Team<\/div>\n<\/div>\n<\/div>\n<\/div>\n\n<div class=\"gb-loop-item gb-loop-item-279122fc post-19899 post type-post status-publish format-standard has-post-thumbnail hentry category-food-experiences\">\n<a href=\"https:\/\/www.takeachef.com\/blog\/mejor-cocido-maragato-astorga\"><img loading=\"lazy\" decoding=\"async\" width=\"768\" height=\"510\" alt=\"El mejor cocido maragato de Astorga\" data-media-id=\"19901\" class=\"gb-media-8bdf5f73\" src=\"https:\/\/www.takeachef.com\/blog\/wp-content\/uploads\/mejor-cocido-maragato-de-astorga-768x510.jpg\" srcset=\"https:\/\/www.takeachef.com\/blog\/wp-content\/uploads\/mejor-cocido-maragato-de-astorga-768x510.jpg 768w, https:\/\/www.takeachef.com\/blog\/wp-content\/uploads\/mejor-cocido-maragato-de-astorga-300x199.jpg 300w, https:\/\/www.takeachef.com\/blog\/wp-content\/uploads\/mejor-cocido-maragato-de-astorga.jpg 800w\" sizes=\"auto, (max-width: 768px) 100vw, 768px\" title=\"\"><\/a>\n\n\n\n<p class=\"gb-text gbp-card__meta-text\"><span>Experiencias Gastron\u00f3micas<\/span><\/p>\n\n\n\n<h2 class=\"gb-text gbp-card__title gb-text-a7ba0ad4\" id=\"home-links-articles\"><span class=\"ez-toc-section\" id=\"historia_del_cocido_maragato_ingredientes_tradicion_y_donde_comerlo_en_astorga\"><\/span><a href=\"https:\/\/www.takeachef.com\/blog\/mejor-cocido-maragato-astorga\">Historia del cocido maragato: ingredientes, tradici\u00f3n y d\u00f3nde comerlo en Astorga<\/a><span class=\"ez-toc-section-end\"><\/span><\/h2>\n\n\n\n<div class=\"gb-element-6d2eaacb\">\n<div class=\"gb-element-a7a92bec\">\n<div class=\"gb-text gbp-card__meta-text gb-text-c60bc138\">abril 7, 2026<\/div>\n\n\n\n<div class=\"gb-text gbp-card__meta-text gb-text-1bb7fffc\">Take a Chef Team<\/div>\n<\/div>\n<\/div>\n<\/div>\n\n<div class=\"gb-loop-item gb-loop-item-279122fc post-19895 post type-post status-publish format-standard has-post-thumbnail hentry category-local-cuisine\">\n<a href=\"https:\/\/www.takeachef.com\/blog\/mejor-pastel-nata-oporto\"><img loading=\"lazy\" decoding=\"async\" width=\"768\" height=\"512\" alt=\"El mejor pastel de nata en Oporto, Portugal\" data-media-id=\"19877\" class=\"gb-media-8bdf5f73\" src=\"https:\/\/www.takeachef.com\/blog\/wp-content\/uploads\/Probar-el-mejor-pastel-de-nata-de-Oporto-768x512.jpg\" srcset=\"https:\/\/www.takeachef.com\/blog\/wp-content\/uploads\/Probar-el-mejor-pastel-de-nata-de-Oporto-768x512.jpg 768w, https:\/\/www.takeachef.com\/blog\/wp-content\/uploads\/Probar-el-mejor-pastel-de-nata-de-Oporto-300x200.jpg 300w, https:\/\/www.takeachef.com\/blog\/wp-content\/uploads\/Probar-el-mejor-pastel-de-nata-de-Oporto.jpg 800w\" sizes=\"auto, (max-width: 768px) 100vw, 768px\" title=\"\"><\/a>\n\n\n\n<p class=\"gb-text gbp-card__meta-text\"><span>Cocina Local<\/span><\/p>\n\n\n\n<h2 class=\"gb-text gbp-card__title gb-text-a7ba0ad4\" id=\"home-links-articles\"><span class=\"ez-toc-section\" id=\"oporto_a_bocados_ruta_dulce_para_probar_los_mejores_pasteles_de_nata\"><\/span><a href=\"https:\/\/www.takeachef.com\/blog\/mejor-pastel-nata-oporto\">Oporto a bocados: ruta dulce para probar los mejores pasteles de nata<\/a><span class=\"ez-toc-section-end\"><\/span><\/h2>\n\n\n\n<div class=\"gb-element-6d2eaacb\">\n<div class=\"gb-element-a7a92bec\">\n<div class=\"gb-text gbp-card__meta-text gb-text-c60bc138\">abril 7, 2026<\/div>\n\n\n\n<div class=\"gb-text gbp-card__meta-text gb-text-1bb7fffc\">Take a Chef Team<\/div>\n<\/div>\n<\/div>\n<\/div>\n\n<div class=\"gb-loop-item gb-loop-item-279122fc post-19891 post type-post status-publish format-standard has-post-thumbnail hentry category-food-experiences\">\n<a href=\"https:\/\/www.takeachef.com\/blog\/mejor-ensaimada-mallorquina\"><img loading=\"lazy\" decoding=\"async\" width=\"768\" height=\"610\" alt=\"La mejor ensaimada mallorquina\" data-media-id=\"19881\" class=\"gb-media-8bdf5f73\" src=\"https:\/\/www.takeachef.com\/blog\/wp-content\/uploads\/mejor-ensaimada-mallorquina-768x610.jpg\" srcset=\"https:\/\/www.takeachef.com\/blog\/wp-content\/uploads\/mejor-ensaimada-mallorquina-768x610.jpg 768w, https:\/\/www.takeachef.com\/blog\/wp-content\/uploads\/mejor-ensaimada-mallorquina-300x238.jpg 300w, https:\/\/www.takeachef.com\/blog\/wp-content\/uploads\/mejor-ensaimada-mallorquina.jpg 900w\" sizes=\"auto, (max-width: 768px) 100vw, 768px\" title=\"\"><\/a>\n\n\n\n<p class=\"gb-text gbp-card__meta-text\"><span>Experiencias Gastron\u00f3micas<\/span><\/p>\n\n\n\n<h2 class=\"gb-text gbp-card__title gb-text-a7ba0ad4\" id=\"home-links-articles\"><span class=\"ez-toc-section\" id=\"%c2%bfcual_es_la_mejor_ensaimada_mallorquina\"><\/span><a href=\"https:\/\/www.takeachef.com\/blog\/mejor-ensaimada-mallorquina\">\u00bfCu\u00e1l es la mejor ensaimada mallorquina?\u00a0<\/a><span class=\"ez-toc-section-end\"><\/span><\/h2>\n\n\n\n<div class=\"gb-element-6d2eaacb\">\n<div class=\"gb-element-a7a92bec\">\n<div class=\"gb-text gbp-card__meta-text gb-text-c60bc138\">abril 1, 2026<\/div>\n\n\n\n<div class=\"gb-text gbp-card__meta-text gb-text-1bb7fffc\">Take a Chef Team<\/div>\n<\/div>\n<\/div>\n<\/div>\n\n<div class=\"gb-loop-item gb-loop-item-279122fc post-19306 post type-post status-publish format-standard has-post-thumbnail hentry category-food-experiences\">\n<a href=\"https:\/\/www.takeachef.com\/blog\/como-hacer-empanada-gallega-casa\"><img loading=\"lazy\" decoding=\"async\" width=\"768\" height=\"512\" alt=\"c\u00f3mo hacer empanada gallega en casa\" data-media-id=\"19304\" class=\"gb-media-8bdf5f73\" src=\"https:\/\/www.takeachef.com\/blog\/wp-content\/uploads\/como-hacer-empanada-gallega-en-casa-768x512.jpg\" srcset=\"https:\/\/www.takeachef.com\/blog\/wp-content\/uploads\/como-hacer-empanada-gallega-en-casa-768x512.jpg 768w, https:\/\/www.takeachef.com\/blog\/wp-content\/uploads\/como-hacer-empanada-gallega-en-casa-300x200.jpg 300w, https:\/\/www.takeachef.com\/blog\/wp-content\/uploads\/como-hacer-empanada-gallega-en-casa.jpg 800w\" sizes=\"auto, (max-width: 768px) 100vw, 768px\" title=\"\"><\/a>\n\n\n\n<p class=\"gb-text gbp-card__meta-text\"><span>Experiencias Gastron\u00f3micas<\/span><\/p>\n\n\n\n<h2 class=\"gb-text gbp-card__title gb-text-a7ba0ad4\" id=\"home-links-articles\"><span class=\"ez-toc-section\" id=\"aprende_como_hacer_empanada_gallega_en_casa_paso_a_paso\"><\/span><a href=\"https:\/\/www.takeachef.com\/blog\/como-hacer-empanada-gallega-casa\">Aprende c\u00f3mo hacer empanada gallega en casa paso a paso<\/a><span class=\"ez-toc-section-end\"><\/span><\/h2>\n\n\n\n<div class=\"gb-element-6d2eaacb\">\n<div class=\"gb-element-a7a92bec\">\n<div class=\"gb-text gbp-card__meta-text gb-text-c60bc138\">abril 1, 2026<\/div>\n\n\n\n<div class=\"gb-text gbp-card__meta-text gb-text-1bb7fffc\">Take a Chef Team<\/div>\n<\/div>\n<\/div>\n<\/div>\n\n<div class=\"gb-loop-item gb-loop-item-279122fc post-19284 post type-post status-publish format-standard has-post-thumbnail hentry category-events-and-ideas\">\n<a href=\"https:\/\/www.takeachef.com\/blog\/comida-baby-shower\"><img loading=\"lazy\" decoding=\"async\" width=\"768\" height=\"512\" alt=\"ideas para organizar una comida para un baby shower\" data-media-id=\"19298\" class=\"gb-media-8bdf5f73\" src=\"https:\/\/www.takeachef.com\/blog\/wp-content\/uploads\/comida-para-baby-shower-768x512.jpg\" srcset=\"https:\/\/www.takeachef.com\/blog\/wp-content\/uploads\/comida-para-baby-shower-768x512.jpg 768w, https:\/\/www.takeachef.com\/blog\/wp-content\/uploads\/comida-para-baby-shower-300x200.jpg 300w, https:\/\/www.takeachef.com\/blog\/wp-content\/uploads\/comida-para-baby-shower.jpg 800w\" sizes=\"auto, (max-width: 768px) 100vw, 768px\" title=\"\"><\/a>\n\n\n\n<p class=\"gb-text gbp-card__meta-text\"><span>Eventos e Ideas<\/span><\/p>\n\n\n\n<h2 class=\"gb-text gbp-card__title gb-text-a7ba0ad4\" id=\"home-links-articles\"><span class=\"ez-toc-section\" id=\"3_ideas_de_comida_para_un_baby_shower_y_el_truco_para_organizarla_sin_estresarte\"><\/span><a href=\"https:\/\/www.takeachef.com\/blog\/comida-baby-shower\">3 ideas de comida para un baby shower y el truco para organizarla sin estresarte<\/a><span class=\"ez-toc-section-end\"><\/span><\/h2>\n\n\n\n<div class=\"gb-element-6d2eaacb\">\n<div class=\"gb-element-a7a92bec\">\n<div class=\"gb-text gbp-card__meta-text gb-text-c60bc138\">abril 7, 2026<\/div>\n\n\n\n<div class=\"gb-text gbp-card__meta-text gb-text-1bb7fffc\">Take a Chef Team<\/div>\n<\/div>\n<\/div>\n<\/div>\n\n<div class=\"gb-loop-item gb-loop-item-279122fc post-19290 post type-post status-publish format-standard has-post-thumbnail hentry category-local-cuisine\">\n<a href=\"https:\/\/www.takeachef.com\/blog\/mejor-sopa-castellana-madrid\"><img loading=\"lazy\" decoding=\"async\" width=\"768\" height=\"512\" alt=\"D\u00f3nde comer la mejor sopa castellana Madrid\" data-media-id=\"19282\" class=\"gb-media-8bdf5f73\" src=\"https:\/\/www.takeachef.com\/blog\/wp-content\/uploads\/mejor-sopa-castellana-madrid-768x512.jpg\" srcset=\"https:\/\/www.takeachef.com\/blog\/wp-content\/uploads\/mejor-sopa-castellana-madrid-768x512.jpg 768w, https:\/\/www.takeachef.com\/blog\/wp-content\/uploads\/mejor-sopa-castellana-madrid-300x200.jpg 300w, https:\/\/www.takeachef.com\/blog\/wp-content\/uploads\/mejor-sopa-castellana-madrid-1024x683.jpg 1024w, https:\/\/www.takeachef.com\/blog\/wp-content\/uploads\/mejor-sopa-castellana-madrid.jpg 1248w\" sizes=\"auto, (max-width: 768px) 100vw, 768px\" title=\"\"><\/a>\n\n\n\n<p class=\"gb-text gbp-card__meta-text\"><span>Cocina Local<\/span><\/p>\n\n\n\n<h2 class=\"gb-text gbp-card__title gb-text-a7ba0ad4\" id=\"home-links-articles\"><span class=\"ez-toc-section\" id=\"la_mejor_sopa_castellana_de_madrid_una_ruta_llena_de_tradicion_sabor_y_buena_%e2%80%9ccuchara%e2%80%9d\"><\/span><a href=\"https:\/\/www.takeachef.com\/blog\/mejor-sopa-castellana-madrid\">La mejor sopa castellana de Madrid: una ruta llena de tradici\u00f3n, sabor y buena \u201ccuchara\u201d<\/a><span class=\"ez-toc-section-end\"><\/span><\/h2>\n\n\n\n<div class=\"gb-element-6d2eaacb\">\n<div class=\"gb-element-a7a92bec\">\n<div class=\"gb-text gbp-card__meta-text gb-text-c60bc138\">marzo 26, 2026<\/div>\n\n\n\n<div class=\"gb-text gbp-card__meta-text gb-text-1bb7fffc\">Take a Chef Team<\/div>\n<\/div>\n<\/div>\n<\/div>\n\n<div class=\"gb-loop-item gb-loop-item-279122fc post-19288 post type-post status-publish format-standard has-post-thumbnail hentry category-food-experiences\">\n<a href=\"https:\/\/www.takeachef.com\/blog\/como-hacer-arroz-meloso-casa\"><img loading=\"lazy\" decoding=\"async\" width=\"768\" height=\"560\" alt=\"c\u00f3mo hacer arroz meloso en casa paso a paso\" data-media-id=\"19274\" class=\"gb-media-8bdf5f73\" src=\"https:\/\/www.takeachef.com\/blog\/wp-content\/uploads\/como-hacer-arroz-meloso-en-casa-768x560.jpg\" srcset=\"https:\/\/www.takeachef.com\/blog\/wp-content\/uploads\/como-hacer-arroz-meloso-en-casa-768x560.jpg 768w, https:\/\/www.takeachef.com\/blog\/wp-content\/uploads\/como-hacer-arroz-meloso-en-casa-300x219.jpg 300w, https:\/\/www.takeachef.com\/blog\/wp-content\/uploads\/como-hacer-arroz-meloso-en-casa-1024x747.jpg 1024w, https:\/\/www.takeachef.com\/blog\/wp-content\/uploads\/como-hacer-arroz-meloso-en-casa.jpg 1184w\" sizes=\"auto, (max-width: 768px) 100vw, 768px\" title=\"\"><\/a>\n\n\n\n<p class=\"gb-text gbp-card__meta-text\"><span>Experiencias Gastron\u00f3micas<\/span><\/p>\n\n\n\n<h2 class=\"gb-text gbp-card__title gb-text-a7ba0ad4\" id=\"home-links-articles\"><span class=\"ez-toc-section\" id=\"como_hacer_un_arroz_meloso_en_casa_receta_paso_a_paso\"><\/span><a href=\"https:\/\/www.takeachef.com\/blog\/como-hacer-arroz-meloso-casa\">C\u00f3mo hacer un arroz meloso en casa. Receta paso a paso<\/a><span class=\"ez-toc-section-end\"><\/span><\/h2>\n\n\n\n<div class=\"gb-element-6d2eaacb\">\n<div class=\"gb-element-a7a92bec\">\n<div class=\"gb-text gbp-card__meta-text gb-text-c60bc138\">marzo 26, 2026<\/div>\n\n\n\n<div class=\"gb-text gbp-card__meta-text gb-text-1bb7fffc\">Take a Chef Team<\/div>\n<\/div>\n<\/div>\n<\/div>\n<\/div>\n\n\n<div class=\"gb-element-c9f6ede6 gb-query-loop-pagination\">\n\n<nav class=\"gb-query-page-numbers-d8a97212\"><span aria-current=\"page\" class=\"page-numbers current\">1<\/span>\n<a class=\"page-numbers\" href=\"?query-7b8025b4-page=2\">2<\/a>\n<a class=\"page-numbers\" href=\"?query-7b8025b4-page=3\">3<\/a>\n<a class=\"page-numbers\" href=\"?query-7b8025b4-page=4\">4<\/a>\n<span class=\"page-numbers dots\">&hellip;<\/span>\n<a class=\"page-numbers\" href=\"?query-7b8025b4-page=8\">8<\/a><\/nav>\n\n\n<a class=\"gb-text gb-text-4b8350b0\" href=\"\/blog\/wp-json\/wp\/v2\/pages\/776?query-7b8025b4-page=2\">Siguente<\/a>\n<\/div>\n<\/div>\n<\/div>\n<\/div>\n\n\n\n<p><\/p>\n","protected":false},"excerpt":{"rendered":"<p>El Blog de Take a Chef Eleva Tu Experiencia Culinaria Descubre recetas exclusivas, ideas para eventos, consejos de chefs profesionales y las \u00faltimas tendencias gastron\u00f3micas. Los \u00faltimos art\u00edculos<\/p>\n","protected":false},"author":5,"featured_media":0,"parent":0,"menu_order":0,"comment_status":"closed","ping_status":"closed","template":"","meta":{"footnotes":""},"class_list":["post-776","page","type-page","status-publish"],"_links":{"self":[{"href":"https:\/\/www.takeachef.com\/blog\/wp-json\/wp\/v2\/pages\/776","targetHints":{"allow":["GET"]}}],"collection":[{"href":"https:\/\/www.takeachef.com\/blog\/wp-json\/wp\/v2\/pages"}],"about":[{"href":"https:\/\/www.takeachef.com\/blog\/wp-json\/wp\/v2\/types\/page"}],"author":[{"embeddable":true,"href":"https:\/\/www.takeachef.com\/blog\/wp-json\/wp\/v2\/users\/5"}],"replies":[{"embeddable":true,"href":"https:\/\/www.takeachef.com\/blog\/wp-json\/wp\/v2\/comments?post=776"}],"version-history":[{"count":60,"href":"https:\/\/www.takeachef.com\/blog\/wp-json\/wp\/v2\/pages\/776\/revisions"}],"predecessor-version":[{"id":15408,"href":"https:\/\/www.takeachef.com\/blog\/wp-json\/wp\/v2\/pages\/776\/revisions\/15408"}],"wp:attachment":[{"href":"https:\/\/www.takeachef.com\/blog\/wp-json\/wp\/v2\/media?parent=776"}],"curies":[{"name":"wp","href":"https:\/\/api.w.org\/{rel}","templated":true}]}}